{"id":107,"date":"2022-10-02T10:09:19","date_gmt":"2022-10-02T10:09:19","guid":{"rendered":"https:\/\/dev.bsc-consulting.at\/?page_id=107"},"modified":"2025-08-11T12:04:26","modified_gmt":"2025-08-11T10:04:26","slug":"impressum","status":"publish","type":"page","link":"https:\/\/bsc-consulting.at\/en\/impressum\/","title":{"rendered":"Imprint"},"content":{"rendered":"<p>Informationspflicht laut \u00a75 E-Commerce Gesetz, \u00a763 Gewerbeordnung, \u00a714 Unternehmensgesetzbuch und Offenlegungspflicht laut \u00a725 Mediengesetz<\/p>\n\n\n\n<p><strong>BSC Strategy Consulting GmbH<\/strong><br>Headoffice:<br>Burggasse 104 \/ Top 10<br>1070 Wien<br>\u00d6sterreich<\/p>\n\n\n\n<p>Tel: +43 664 230 75 06<br>E-Mail:&nbsp;<a href=\"mailto:office@bsc-consulting.at\">office@bsc-consulting.at<\/a><\/p>\n\n\n\n<p><br>UID-Nr: ATU73215102<\/p>\n\n\n\n<p>Firmenbuchnummer: FN 487884 b<br>Firmenbuchgericht: HG Wien<br>Firmensitz: 1070 Wien<\/p>\n\n\n\n<p>Gesch\u00e4ftsf\u00fchrer:in: Mag. Sabina Berloffa<\/p>\n\n\n\n<p>Mitgliedschaften bei: Mitglied der WKW, WKN\u00d6<br>Berufsrecht: Gewerbeordnung: www.ris.bka.gv.at<\/p>\n\n\n\n<h2 class=\"wp-block-heading\">Haftung<\/h2>\n\n\n\n<p>Haftungsausschluss:<br>Alle Teile dieses Haftungsausschlusses sind, entsprechend ABGB, E-Commerce-Gesetz, UGB, GewO und Mediengesetz, g\u00fcltig. Nicht (mehr) vollst\u00e4ndig oder in Teilen der aktuellen Gesetzeslage entsprechende Passagen beeintr\u00e4chtigen die G\u00fcltigkeit des \u00fcbrigen Textes nicht.<\/p>\n\n\n\n<h3 class=\"wp-block-heading\">HAFTUNG F\u00dcR INHALTE:<\/h3>\n\n\n\n<p>Die Inhalte dieser Seite wurden mit gr\u00f6\u00dftm\u00f6glicher Sorgfalt erstellt. Es kann nur im Rahmen des gesetzlichen Geltungsbereichs Verantwortung f\u00fcr selbst erstellte Inhalte auf dieser Website \u00fcbernommen werden. Der Website-Betreiber weist alle Nutzer und Nutzerinnen darauf hin, dass der Ersteller f\u00fcr Inhalte auf den Seiten dieser Domain (www.bsc-consulting.at sowie www.bsc-immobilien.at) nach allgemeiner Gesetzeslage verantwortlich ist, nicht jedoch Haftung f\u00fcr \u00fcbermittelte oder gespeicherte fremde Informationen \u00fcbernehmen kann oder nach Umst\u00e4nden forschen kann und muss, die auf eine rechtswidrige T\u00e4tigkeit hinweisen.<\/p>\n\n\n\n<p>Davon unber\u00fchrt bleiben Verpflichtungen zur Sperrung oder Entfernung der Nutzung von Informationen nach den Regularien in E-Commerce-Gesetz, ABGB und etwaigen sonstigen Richtlinien wie der DSGVO und dem DSG 2000. Solch eine Haftung greift fr\u00fchestm\u00f6glich erst ab dem Zeitpunkt der Kenntnis einer konkreten Rechtsverletzung. Der Websitebetreiber verpflichtet sich, Inhalte, die in irgendeiner Form einer Rechtsverletzung entsprechen ab Kenntnis, umgehend zu entfernen.<\/p>\n\n\n\n<h3 class=\"wp-block-heading\">HAFTUNG F\u00dcR LINKS AUF EXTERNE WEBSITES<\/h3>\n\n\n\n<p>Betrifft alle Links, die auf eine andere Domain oder einen anderen Server als www.bsc-consulting.at oder www.bsc-immobilien.at verweisen.<br>Es ist m\u00f6glich, dass diese Website Links zu externen Websites enth\u00e4lt, auf die die Website-Betreiber keinen Einfluss nehmen\/nehmen k\u00f6nnen. Aus diesem Grund ist es nicht m\u00f6glich, Gew\u00e4hr f\u00fcr die Sicherheit externer Websites zu geben, die Verantwortung tr\u00e4gt stets der jeweilige Anbieter oder Betreiber.<\/p>\n\n\n\n<p>Verlinkte Websites wurden zum Zeitpunkt der Verlinkung, so weit wie m\u00f6glich, auf m\u00f6gliche Rechtsverst\u00f6\u00dfe \u00fcberpr\u00fcft. Rechtswidrige Inhalte waren zum Zeitpunkt der Verlinkung nicht (als solche) erkennbar und\/oder bekannt. Sollte eine Rechtsverletzung bekannt werden, werden die betreffenden Links umgehend entfernt. Die Betreiber der aktuellen Website www.bsc-consulting.at oder www.bsc-immobilien.at) \u00fcbernehmen keine Haftung f\u00fcr Sch\u00e4den, die durch andere Websites entstehen.<\/p>\n\n\n\n<h2 class=\"wp-block-heading\">Urheberrecht<\/h2>\n\n\n\n<p>Die Betreiber der vorliegenden Website wahren die Urheberrechte der Ersteller extern bezogener Materialien, wie beispielsweise auditive, visuelle oder audiovisuelle Medien, entsprechend geltender Gesetzeslage. Alle sich auf dieser Website befindlichen Inhalte sind entweder selbst erstellt oder bei Fremdbezug entsprechend gekennzeichnet. Inhalte fremder Urheber (beispielsweise ein Stockfoto von Shutterstock o.\u00e4.) unterliegen geltenden, dem Urheberrecht entsprechenden Vereinbarungen.<br>Alle durch die Seiteninhaber oder -betreiber erstellten und publizierten Inhalte (Inhalte\/Werke\/Dateien\/Medien u.\u00e4.) unterliegen dem Urheberrecht. Die Vervielf\u00e4ltigung, Bearbeitung, Verbreitung oder jedwede anderweitige Art der Verwendung sind nur im Rahmen des Urheberrechts zul\u00e4ssig und bed\u00fcrfen schriftlicher Zustimmung des jeweiligen Urhebers.<br>Downloads und Kopien dieser Seite und der darauf befindlichen Medien sind ohne vorherige schriftliche Erlaubnis&nbsp;<strong>nicht<\/strong>&nbsp;gestattet.<br>Ausnahmen davon gelten f\u00fcr folgende Punkte:<\/p>\n\n\n\n<ul class=\"wp-block-list\">\n<li>Die technisch unumg\u00e4ngliche kurzfristige Speicherung der Website in fl\u00fcchtigen Speichermedien (RAM) bzw. im Cache des Browsers des jeweiligen Endger\u00e4ts.<\/li>\n\n\n\n<li>Private und rein nicht kommerzielle Downloads und Kopien.<\/li>\n<\/ul>","protected":false},"excerpt":{"rendered":"<p>Informationspflicht laut \u00a75 E-Commerce Gesetz, \u00a763 Gewerbeordnung, \u00a714 Unternehmensgesetzbuch und Offenlegungspflicht laut \u00a725 Mediengesetz BSC Strategy Consulting GmbHHeadoffice:Burggasse 104 \/ Top 101070 Wien\u00d6sterreich Tel: +43 664 230 75 06E-Mail:&nbsp;office@bsc-consulting.at UID-Nr: ATU73215102 Firmenbuchnummer: FN 487884 bFirmenbuchgericht: HG WienFirmensitz: 1070 Wien Gesch\u00e4ftsf\u00fchrer:in: Mag. Sabina Berloffa Mitgliedschaften bei: Mitglied der WKW, WKN\u00d6Berufsrecht: Gewerbeordnung: www.ris.bka.gv.at Haftung Haftungsausschluss:Alle Teile dieses [&hellip;]<\/p>\n","protected":false},"author":1,"featured_media":0,"parent":0,"menu_order":0,"comment_status":"closed","ping_status":"closed","template":"","meta":{"footnotes":""},"class_list":["post-107","page","type-page","status-publish","hentry"],"meta_box":[],"_links":{"self":[{"href":"https:\/\/bsc-consulting.at\/en\/wp-json\/wp\/v2\/pages\/107","targetHints":{"allow":["GET"]}}],"collection":[{"href":"https:\/\/bsc-consulting.at\/en\/wp-json\/wp\/v2\/pages"}],"about":[{"href":"https:\/\/bsc-consulting.at\/en\/wp-json\/wp\/v2\/types\/page"}],"author":[{"embeddable":true,"href":"https:\/\/bsc-consulting.at\/en\/wp-json\/wp\/v2\/users\/1"}],"replies":[{"embeddable":true,"href":"https:\/\/bsc-consulting.at\/en\/wp-json\/wp\/v2\/comments?post=107"}],"version-history":[{"count":7,"href":"https:\/\/bsc-consulting.at\/en\/wp-json\/wp\/v2\/pages\/107\/revisions"}],"predecessor-version":[{"id":1046,"href":"https:\/\/bsc-consulting.at\/en\/wp-json\/wp\/v2\/pages\/107\/revisions\/1046"}],"wp:attachment":[{"href":"https:\/\/bsc-consulting.at\/en\/wp-json\/wp\/v2\/media?parent=107"}],"curies":[{"name":"wp","href":"https:\/\/api.w.org\/{rel}","templated":true}]}}