{"id":662,"date":"2023-09-13T13:39:21","date_gmt":"2023-09-13T11:39:21","guid":{"rendered":"https:\/\/bsc-consulting.at\/?page_id=662"},"modified":"2023-09-13T13:39:22","modified_gmt":"2023-09-13T11:39:22","slug":"nachhaltiges-innovations-management-im-immobilienbereich","status":"publish","type":"page","link":"https:\/\/bsc-consulting.at\/en\/nachhaltiges-innovations-management-im-immobilienbereich\/","title":{"rendered":"Nachhaltiges Innovations-Management im Immobilienbereich"},"content":{"rendered":"<div style=\"height:30px\" aria-hidden=\"true\" class=\"wp-block-spacer\"><\/div>\n\n\n\n<p><strong>Termin:<br>29. - 31. J\u00e4nner 2024<\/strong>, 9:00 - 17:00 Uhr<\/p>\n\n\n\n<div style=\"height:30px\" aria-hidden=\"true\" class=\"wp-block-spacer\"><\/div>\n\n\n\n<p>Entdecken Sie die Zukunft des Immobilienwesens durch nachhaltiges Innovationsmanagement! Unser 2-t\u00e4giger Intensiv-Workshop \"Innovations-Management im Immobilienbereich\" f\u00fchrt Sie durch die Schl\u00fcsselthemen, Strategien und bew\u00e4hrten Praktiken, die Ihr Unternehmen an die Spitze der Branche bringen werden.<\/p>\n\n\n\n<p>In diesem Workshop werden Sie lernen, wie Sie nachhaltige Innovationen planen, implementieren und steuern, um Ihre Wettbewerbsf\u00e4higkeit zu st\u00e4rken. Von der Entwicklung einer ma\u00dfgeschneiderten Innovations-Strategie bis zur praktischen Umsetzung in Ihrem Unternehmen - wir begleiten Sie auf diesem spannenden Weg.<\/p>\n\n\n\n<p>Und das Beste daran? Wir sch\u00f6pfen nicht nur aus der Welt des Immobilienwesens, sondern geben Ihnen auch Einblicke in die besten Innovationen aus anderen Branchen, damit Sie von den Erfahrungen erfolgreicher Unternehmen lernen k\u00f6nnen.<\/p>\n\n\n\n<p>Bereiten Sie sich auf eine inspirierende Reise vor, die Ihre Denkweise ver\u00e4ndern und Ihr Unternehmen zu neuen H\u00f6hen f\u00fchren wird. Seien Sie Teil unseres exklusiven Workshops und gestalten Sie die Zukunft des Immobilienwesens aktiv mit!<\/p>\n\n\n\n<div style=\"height:100px\" aria-hidden=\"true\" class=\"wp-block-spacer\"><\/div>\n\n\n\n<h3 class=\"wp-block-heading\">Anmeldung zum 2-t\u00e4gigen Intensiv-Workshop<\/h3>\n\n\n<form action=\"https:\/\/bsc-consulting.at\/en\/wp-json\/ws-form\/v1\/submit\" class=\"wsf-form wsf-form-canvas\" id=\"ws-form-1\" data-id=\"7\"  data-instance-id=\"1\"  method=\"POST\" data-wsf-style-id=\"1\" data-trp-original-action=\"https:\/\/bsc-consulting.at\/en\/wp-json\/ws-form\/v1\/submit\"><input type=\"hidden\" name=\"trp-form-language\" value=\"en\"\/><\/form>","protected":false},"excerpt":{"rendered":"<p>Termin:29. - 31. J\u00e4nner 2024, 9:00 - 17:00 Uhr Entdecken Sie die Zukunft des Immobilienwesens durch nachhaltiges Innovationsmanagement! Unser 2-t\u00e4giger Intensiv-Workshop \"Innovations-Management im Immobilienbereich\" f\u00fchrt Sie durch die Schl\u00fcsselthemen, Strategien und bew\u00e4hrten Praktiken, die Ihr Unternehmen an die Spitze der Branche bringen werden. In diesem Workshop werden Sie lernen, wie Sie nachhaltige Innovationen planen, implementieren [&hellip;]<\/p>\n","protected":false},"author":4,"featured_media":674,"parent":0,"menu_order":0,"comment_status":"closed","ping_status":"closed","template":"","meta":{"footnotes":""},"class_list":["post-662","page","type-page","status-publish","has-post-thumbnail","hentry"],"meta_box":[],"_links":{"self":[{"href":"https:\/\/bsc-consulting.at\/en\/wp-json\/wp\/v2\/pages\/662","targetHints":{"allow":["GET"]}}],"collection":[{"href":"https:\/\/bsc-consulting.at\/en\/wp-json\/wp\/v2\/pages"}],"about":[{"href":"https:\/\/bsc-consulting.at\/en\/wp-json\/wp\/v2\/types\/page"}],"author":[{"embeddable":true,"href":"https:\/\/bsc-consulting.at\/en\/wp-json\/wp\/v2\/users\/4"}],"replies":[{"embeddable":true,"href":"https:\/\/bsc-consulting.at\/en\/wp-json\/wp\/v2\/comments?post=662"}],"version-history":[{"count":13,"href":"https:\/\/bsc-consulting.at\/en\/wp-json\/wp\/v2\/pages\/662\/revisions"}],"predecessor-version":[{"id":682,"href":"https:\/\/bsc-consulting.at\/en\/wp-json\/wp\/v2\/pages\/662\/revisions\/682"}],"wp:featuredmedia":[{"embeddable":true,"href":"https:\/\/bsc-consulting.at\/en\/wp-json\/wp\/v2\/media\/674"}],"wp:attachment":[{"href":"https:\/\/bsc-consulting.at\/en\/wp-json\/wp\/v2\/media?parent=662"}],"curies":[{"name":"wp","href":"https:\/\/api.w.org\/{rel}","templated":true}]}}